{"id":410,"date":"2026-01-29T11:35:19","date_gmt":"2026-01-29T11:35:19","guid":{"rendered":"https:\/\/airam.estaciondiseno.es\/?page_id=410"},"modified":"2026-02-04T22:24:35","modified_gmt":"2026-02-04T22:24:35","slug":"gaga","status":"publish","type":"page","link":"https:\/\/airam.estaciondiseno.es\/index.php\/gaga\/","title":{"rendered":"GaGa"},"content":{"rendered":"\t\t<div data-elementor-type=\"wp-page\" data-elementor-id=\"410\" class=\"elementor elementor-410\" data-elementor-post-type=\"page\">\n\t\t\t\t<div class=\"elementor-element elementor-element-b7cfabf e-flex e-con-boxed e-con e-parent\" data-id=\"b7cfabf\" data-element_type=\"container\">\n\t\t\t\t\t<div class=\"e-con-inner\">\n\t\t\t\t<div class=\"elementor-element elementor-element-550a234 elementor-widget elementor-widget-image\" data-id=\"550a234\" data-element_type=\"widget\" data-widget_type=\"image.default\">\n\t\t\t\t\t\t\t\t\t\t\t\t\t\t\t<img fetchpriority=\"high\" decoding=\"async\" width=\"920\" height=\"181\" src=\"https:\/\/airam.estaciondiseno.es\/wp-content\/uploads\/2026\/02\/gaga-1024x201.jpg\" class=\"attachment-large size-large wp-image-697\" alt=\"\" srcset=\"https:\/\/airam.estaciondiseno.es\/wp-content\/uploads\/2026\/02\/gaga-1024x201.jpg 1024w, https:\/\/airam.estaciondiseno.es\/wp-content\/uploads\/2026\/02\/gaga-300x59.jpg 300w, https:\/\/airam.estaciondiseno.es\/wp-content\/uploads\/2026\/02\/gaga-768x151.jpg 768w, https:\/\/airam.estaciondiseno.es\/wp-content\/uploads\/2026\/02\/gaga-1536x301.jpg 1536w, https:\/\/airam.estaciondiseno.es\/wp-content\/uploads\/2026\/02\/gaga-2048x402.jpg 2048w\" sizes=\"(max-width: 920px) 100vw, 920px\" \/>\t\t\t\t\t\t\t\t\t\t\t\t\t\t\t<\/div>\n\t\t\t\t\t<\/div>\n\t\t\t\t<\/div>\n\t\t<div class=\"elementor-element elementor-element-5ea9a3e e-flex e-con-boxed e-con e-parent\" data-id=\"5ea9a3e\" data-element_type=\"container\">\n\t\t\t\t\t<div class=\"e-con-inner\">\n\t\t\t\t<div class=\"elementor-element elementor-element-932c30b elementor-widget elementor-widget-image\" data-id=\"932c30b\" data-element_type=\"widget\" data-widget_type=\"image.default\">\n\t\t\t\t\t\t\t\t\t\t\t\t\t\t\t<img decoding=\"async\" width=\"920\" height=\"1020\" src=\"https:\/\/airam.estaciondiseno.es\/wp-content\/uploads\/2026\/02\/Screenshot-2026-02-02-at-21.09.45-924x1024.png\" class=\"attachment-large size-large wp-image-506\" alt=\"\" srcset=\"https:\/\/airam.estaciondiseno.es\/wp-content\/uploads\/2026\/02\/Screenshot-2026-02-02-at-21.09.45-924x1024.png 924w, https:\/\/airam.estaciondiseno.es\/wp-content\/uploads\/2026\/02\/Screenshot-2026-02-02-at-21.09.45-271x300.png 271w, https:\/\/airam.estaciondiseno.es\/wp-content\/uploads\/2026\/02\/Screenshot-2026-02-02-at-21.09.45-768x851.png 768w, https:\/\/airam.estaciondiseno.es\/wp-content\/uploads\/2026\/02\/Screenshot-2026-02-02-at-21.09.45.png 1272w\" sizes=\"(max-width: 920px) 100vw, 920px\" \/>\t\t\t\t\t\t\t\t\t\t\t\t\t\t\t<\/div>\n\t\t\t\t\t<\/div>\n\t\t\t\t<\/div>\n\t\t<div class=\"elementor-element elementor-element-0dbebc2 e-grid e-con-boxed e-con e-parent\" data-id=\"0dbebc2\" data-element_type=\"container\">\n\t\t\t\t\t<div class=\"e-con-inner\">\n\t\t\t\t<div class=\"elementor-element elementor-element-e182b65 elementor-widget elementor-widget-image\" data-id=\"e182b65\" data-element_type=\"widget\" data-widget_type=\"image.default\">\n\t\t\t\t\t\t\t\t\t\t\t\t\t\t\t<img decoding=\"async\" width=\"920\" height=\"900\" src=\"https:\/\/airam.estaciondiseno.es\/wp-content\/uploads\/2026\/02\/Screenshot-2026-02-02-at-21.08.46-1024x1002.png\" class=\"attachment-large size-large wp-image-502\" alt=\"\" srcset=\"https:\/\/airam.estaciondiseno.es\/wp-content\/uploads\/2026\/02\/Screenshot-2026-02-02-at-21.08.46-1024x1002.png 1024w, https:\/\/airam.estaciondiseno.es\/wp-content\/uploads\/2026\/02\/Screenshot-2026-02-02-at-21.08.46-300x293.png 300w, https:\/\/airam.estaciondiseno.es\/wp-content\/uploads\/2026\/02\/Screenshot-2026-02-02-at-21.08.46-768x751.png 768w, https:\/\/airam.estaciondiseno.es\/wp-content\/uploads\/2026\/02\/Screenshot-2026-02-02-at-21.08.46-1536x1503.png 1536w, https:\/\/airam.estaciondiseno.es\/wp-content\/uploads\/2026\/02\/Screenshot-2026-02-02-at-21.08.46-50x50.png 50w, https:\/\/airam.estaciondiseno.es\/wp-content\/uploads\/2026\/02\/Screenshot-2026-02-02-at-21.08.46.png 1562w\" sizes=\"(max-width: 920px) 100vw, 920px\" \/>\t\t\t\t\t\t\t\t\t\t\t\t\t\t\t<\/div>\n\t\t\t\t<div class=\"elementor-element elementor-element-d2c5221 elementor-widget__width-initial elementor-widget elementor-widget-image\" data-id=\"d2c5221\" data-element_type=\"widget\" data-widget_type=\"image.default\">\n\t\t\t\t\t\t\t\t\t\t\t\t\t\t\t<img loading=\"lazy\" decoding=\"async\" width=\"920\" height=\"749\" src=\"https:\/\/airam.estaciondiseno.es\/wp-content\/uploads\/2026\/02\/IMG_4819-1024x834.jpg\" class=\"attachment-large size-large wp-image-534\" alt=\"\" srcset=\"https:\/\/airam.estaciondiseno.es\/wp-content\/uploads\/2026\/02\/IMG_4819-1024x834.jpg 1024w, https:\/\/airam.estaciondiseno.es\/wp-content\/uploads\/2026\/02\/IMG_4819-300x244.jpg 300w, https:\/\/airam.estaciondiseno.es\/wp-content\/uploads\/2026\/02\/IMG_4819-768x625.jpg 768w, https:\/\/airam.estaciondiseno.es\/wp-content\/uploads\/2026\/02\/IMG_4819.jpg 1298w\" sizes=\"(max-width: 920px) 100vw, 920px\" \/>\t\t\t\t\t\t\t\t\t\t\t\t\t\t\t<\/div>\n\t\t\t\t<div class=\"elementor-element elementor-element-d44fd31 elementor-widget elementor-widget-image\" data-id=\"d44fd31\" data-element_type=\"widget\" data-widget_type=\"image.default\">\n\t\t\t\t\t\t\t\t\t\t\t\t\t\t\t<img loading=\"lazy\" decoding=\"async\" width=\"920\" height=\"839\" src=\"https:\/\/airam.estaciondiseno.es\/wp-content\/uploads\/2026\/02\/Screenshot-2026-02-02-at-21.08.32-1024x934.png\" class=\"attachment-large size-large wp-image-501\" alt=\"\" srcset=\"https:\/\/airam.estaciondiseno.es\/wp-content\/uploads\/2026\/02\/Screenshot-2026-02-02-at-21.08.32-1024x934.png 1024w, https:\/\/airam.estaciondiseno.es\/wp-content\/uploads\/2026\/02\/Screenshot-2026-02-02-at-21.08.32-300x274.png 300w, https:\/\/airam.estaciondiseno.es\/wp-content\/uploads\/2026\/02\/Screenshot-2026-02-02-at-21.08.32-768x700.png 768w, https:\/\/airam.estaciondiseno.es\/wp-content\/uploads\/2026\/02\/Screenshot-2026-02-02-at-21.08.32-1536x1401.png 1536w, https:\/\/airam.estaciondiseno.es\/wp-content\/uploads\/2026\/02\/Screenshot-2026-02-02-at-21.08.32.png 1566w\" sizes=\"(max-width: 920px) 100vw, 920px\" \/>\t\t\t\t\t\t\t\t\t\t\t\t\t\t\t<\/div>\n\t\t\t\t\t<\/div>\n\t\t\t\t<\/div>\n\t\t<div class=\"elementor-element elementor-element-ade4d32 e-flex e-con-boxed e-con e-parent\" data-id=\"ade4d32\" data-element_type=\"container\">\n\t\t\t\t\t<div class=\"e-con-inner\">\n\t\t\t\t<div class=\"elementor-element elementor-element-b81b632 elementor-widget elementor-widget-image\" data-id=\"b81b632\" data-element_type=\"widget\" data-widget_type=\"image.default\">\n\t\t\t\t\t\t\t\t\t\t\t\t\t\t\t<img loading=\"lazy\" decoding=\"async\" width=\"683\" height=\"1024\" src=\"https:\/\/airam.estaciondiseno.es\/wp-content\/uploads\/2026\/02\/2025-18-12-Maria-disenadora-2690-683x1024.jpg\" class=\"attachment-large size-large wp-image-478\" alt=\"\" srcset=\"https:\/\/airam.estaciondiseno.es\/wp-content\/uploads\/2026\/02\/2025-18-12-Maria-disenadora-2690-683x1024.jpg 683w, https:\/\/airam.estaciondiseno.es\/wp-content\/uploads\/2026\/02\/2025-18-12-Maria-disenadora-2690-200x300.jpg 200w, https:\/\/airam.estaciondiseno.es\/wp-content\/uploads\/2026\/02\/2025-18-12-Maria-disenadora-2690-768x1152.jpg 768w, https:\/\/airam.estaciondiseno.es\/wp-content\/uploads\/2026\/02\/2025-18-12-Maria-disenadora-2690-1024x1536.jpg 1024w, https:\/\/airam.estaciondiseno.es\/wp-content\/uploads\/2026\/02\/2025-18-12-Maria-disenadora-2690-1365x2048.jpg 1365w, https:\/\/airam.estaciondiseno.es\/wp-content\/uploads\/2026\/02\/2025-18-12-Maria-disenadora-2690-scaled.jpg 1707w\" sizes=\"(max-width: 683px) 100vw, 683px\" \/>\t\t\t\t\t\t\t\t\t\t\t\t\t\t\t<\/div>\n\t\t\t\t\t<\/div>\n\t\t\t\t<\/div>\n\t\t<div class=\"elementor-element elementor-element-3acc6bd e-flex e-con-boxed e-con e-parent\" data-id=\"3acc6bd\" data-element_type=\"container\">\n\t\t\t\t\t<div class=\"e-con-inner\">\n\t\t\t\t<div class=\"elementor-element elementor-element-13d388c elementor-widget elementor-widget-text-editor\" data-id=\"13d388c\" data-element_type=\"widget\" data-widget_type=\"text-editor.default\">\n\t\t\t\t\t\t\t\t\t<p>\u00a0<\/p><p class=\"p2\"><span style=\"font-family: terminal, monaco;\">GaGa es una colecci\u00f3n de primavera\u2013verano que se inspira del universo de la era <i>The Fame<\/i> de Lady Gaga, al igual que de la est\u00e9tica futurista de la moda de los a\u00f1os 60. La colecci\u00f3n nace de esa mirada al futuro que caracteriz\u00f3 a la d\u00e9cada, donde las formas, los materiales y la actitud romp\u00edan con lo establecido. Vemos como se recoge ese esp\u00edritu experimental y lo traslada a una propuesta actual, pensada para destacar y expresarse sin l\u00edmites.<\/span><\/p><p class=\"p2\"><span style=\"font-family: terminal, monaco;\">Transparencias, brillos y texturas toman protagonismo, creando looks con fuerza visual y movimiento. Al igual que la moda de los 60, GaGa explora nuevas maneras de vestir el cuerpo, entendiendo el dise\u00f1o como una herramienta de cambio y evoluci\u00f3n constante.<\/span><\/p><p class=\"p2\"><span style=\"font-family: terminal, monaco;\">\u00a0<\/span><\/p><p class=\"p1\" style=\"margin-bottom: 0px; font-variant-numeric: normal; font-variant-east-asian: normal; font-variant-alternates: normal; font-size-adjust: none; font-language-override: normal; font-kerning: auto; font-optical-sizing: auto; font-feature-settings: normal; font-variation-settings: normal; font-variant-position: normal; font-variant-emoji: normal; font-weight: 400; font-stretch: normal; font-size: 20px; line-height: normal; font-family: 'Helvetica Neue'; color: #000000;\"><span style=\"font-size: 18px;\"><span style=\"font-family: terminal, monaco;\">Confecci\u00f3n y estilismos hechos por mi<\/span><\/span><\/p><p class=\"p2\" style=\"margin-bottom: 0px; font-variant-numeric: normal; font-variant-east-asian: normal; font-variant-alternates: normal; font-size-adjust: none; font-language-override: normal; font-kerning: auto; font-optical-sizing: auto; font-feature-settings: normal; font-variation-settings: normal; font-variant-position: normal; font-variant-emoji: normal; font-weight: 400; font-stretch: normal; font-size: 13px; line-height: normal; font-family: 'Helvetica Neue'; color: #000000;\"><span style=\"font-size: 18px;\"><span style=\"font-family: terminal, monaco;\">Fotograf\u00eda realizada por Jose Miguel D\u00edaz Herv\u00e1s @panilla.visuals<\/span><\/span><\/p><p class=\"p2\" style=\"margin-bottom: 0px; font-variant-numeric: normal; font-variant-east-asian: normal; font-variant-alternates: normal; font-size-adjust: none; font-language-override: normal; font-kerning: auto; font-optical-sizing: auto; font-feature-settings: normal; font-variation-settings: normal; font-variant-position: normal; font-variant-emoji: normal; font-weight: 400; font-stretch: normal; font-size: 13px; line-height: normal; font-family: 'Helvetica Neue'; color: #000000;\"><span style=\"font-size: 18px;\"><span style=\"font-family: terminal, monaco;\">Modelos Luna Morello y Laura Cai @lunaa_morello<span class=\"Apple-converted-space\">\u00a0 <\/span>@lc.puig<span class=\"Apple-converted-space\">\u00a0<\/span><\/span><\/span><\/p><p class=\"p2\" style=\"margin-bottom: 0px; font-variant-numeric: normal; font-variant-east-asian: normal; font-variant-alternates: normal; font-size-adjust: none; font-language-override: normal; font-kerning: auto; font-optical-sizing: auto; font-feature-settings: normal; font-variation-settings: normal; font-variant-position: normal; font-variant-emoji: normal; font-weight: 400; font-stretch: normal; font-size: 13px; line-height: normal; font-family: 'Helvetica Neue'; color: #000000;\"><span style=\"font-size: 18px;\"><span style=\"font-family: terminal, monaco;\">Mua Carlota @flowerbread.mkp y Maria Jos\u00e9 @garmolarte<\/span><\/span><\/p>\t\t\t\t\t\t\t\t<\/div>\n\t\t\t\t\t<\/div>\n\t\t\t\t<\/div>\n\t\t\t\t<\/div>\n\t\t","protected":false},"excerpt":{"rendered":"<p>\u00a0 GaGa es una colecci\u00f3n de primavera\u2013verano que se inspira del universo de la era The Fame de Lady Gaga, al igual que de la est\u00e9tica futurista de la moda<\/p>\n<p class=\"more-link\"><a href=\"https:\/\/airam.estaciondiseno.es\/index.php\/gaga\/\" class=\"readmore\">Seguir leyendo&#8230;<span class=\"screen-reader-text\">GaGa<\/span><\/a><\/p>\n","protected":false},"author":1,"featured_media":0,"parent":0,"menu_order":0,"comment_status":"closed","ping_status":"closed","template":"","meta":{"footnotes":""},"class_list":["post-410","page","type-page","status-publish","hentry"],"yoast_head":"<!-- This site is optimized with the Yoast SEO Premium plugin v20.12 (Yoast SEO v20.12) - https:\/\/yoast.com\/wordpress\/plugins\/seo\/ -->\n<title>GaGa -<\/title>\n<meta name=\"robots\" content=\"index, follow, max-snippet:-1, max-image-preview:large, max-video-preview:-1\" \/>\n<link rel=\"canonical\" href=\"https:\/\/airam.estaciondiseno.es\/index.php\/gaga\/\" \/>\n<meta property=\"og:locale\" content=\"es_ES\" \/>\n<meta property=\"og:type\" content=\"article\" \/>\n<meta property=\"og:title\" content=\"GaGa\" \/>\n<meta property=\"og:description\" content=\"\u00a0 GaGa es una colecci\u00f3n de primavera\u2013verano que se inspira del universo de la era The Fame de Lady Gaga, al igual que de la est\u00e9tica futurista de la modaSeguir leyendo...GaGa\" \/>\n<meta property=\"og:url\" content=\"https:\/\/airam.estaciondiseno.es\/index.php\/gaga\/\" \/>\n<meta property=\"article:modified_time\" content=\"2026-02-04T22:24:35+00:00\" \/>\n<meta property=\"og:image\" content=\"https:\/\/airam.estaciondiseno.es\/wp-content\/uploads\/2026\/02\/gaga-1024x201.jpg\" \/>\n<meta name=\"twitter:card\" content=\"summary_large_image\" \/>\n<script type=\"application\/ld+json\" class=\"yoast-schema-graph\">{\"@context\":\"https:\/\/schema.org\",\"@graph\":[{\"@type\":\"WebPage\",\"@id\":\"https:\/\/airam.estaciondiseno.es\/index.php\/gaga\/\",\"url\":\"https:\/\/airam.estaciondiseno.es\/index.php\/gaga\/\",\"name\":\"GaGa -\",\"isPartOf\":{\"@id\":\"https:\/\/airam.estaciondiseno.es\/#website\"},\"datePublished\":\"2026-01-29T11:35:19+00:00\",\"dateModified\":\"2026-02-04T22:24:35+00:00\",\"breadcrumb\":{\"@id\":\"https:\/\/airam.estaciondiseno.es\/index.php\/gaga\/#breadcrumb\"},\"inLanguage\":\"es\",\"potentialAction\":[{\"@type\":\"ReadAction\",\"target\":[\"https:\/\/airam.estaciondiseno.es\/index.php\/gaga\/\"]}]},{\"@type\":\"BreadcrumbList\",\"@id\":\"https:\/\/airam.estaciondiseno.es\/index.php\/gaga\/#breadcrumb\",\"itemListElement\":[{\"@type\":\"ListItem\",\"position\":1,\"name\":\"Home\",\"item\":\"https:\/\/airam.estaciondiseno.es\/\"},{\"@type\":\"ListItem\",\"position\":2,\"name\":\"GaGa\"}]},{\"@type\":\"WebSite\",\"@id\":\"https:\/\/airam.estaciondiseno.es\/#website\",\"url\":\"https:\/\/airam.estaciondiseno.es\/\",\"name\":\"\",\"description\":\"\",\"potentialAction\":[{\"@type\":\"SearchAction\",\"target\":{\"@type\":\"EntryPoint\",\"urlTemplate\":\"https:\/\/airam.estaciondiseno.es\/?s={search_term_string}\"},\"query-input\":\"required name=search_term_string\"}],\"inLanguage\":\"es\"}]}<\/script>\n<!-- \/ Yoast SEO Premium plugin. -->","yoast_head_json":{"title":"GaGa -","robots":{"index":"index","follow":"follow","max-snippet":"max-snippet:-1","max-image-preview":"max-image-preview:large","max-video-preview":"max-video-preview:-1"},"canonical":"https:\/\/airam.estaciondiseno.es\/index.php\/gaga\/","og_locale":"es_ES","og_type":"article","og_title":"GaGa","og_description":"\u00a0 GaGa es una colecci\u00f3n de primavera\u2013verano que se inspira del universo de la era The Fame de Lady Gaga, al igual que de la est\u00e9tica futurista de la modaSeguir leyendo...GaGa","og_url":"https:\/\/airam.estaciondiseno.es\/index.php\/gaga\/","article_modified_time":"2026-02-04T22:24:35+00:00","og_image":[{"url":"https:\/\/airam.estaciondiseno.es\/wp-content\/uploads\/2026\/02\/gaga-1024x201.jpg"}],"twitter_card":"summary_large_image","schema":{"@context":"https:\/\/schema.org","@graph":[{"@type":"WebPage","@id":"https:\/\/airam.estaciondiseno.es\/index.php\/gaga\/","url":"https:\/\/airam.estaciondiseno.es\/index.php\/gaga\/","name":"GaGa -","isPartOf":{"@id":"https:\/\/airam.estaciondiseno.es\/#website"},"datePublished":"2026-01-29T11:35:19+00:00","dateModified":"2026-02-04T22:24:35+00:00","breadcrumb":{"@id":"https:\/\/airam.estaciondiseno.es\/index.php\/gaga\/#breadcrumb"},"inLanguage":"es","potentialAction":[{"@type":"ReadAction","target":["https:\/\/airam.estaciondiseno.es\/index.php\/gaga\/"]}]},{"@type":"BreadcrumbList","@id":"https:\/\/airam.estaciondiseno.es\/index.php\/gaga\/#breadcrumb","itemListElement":[{"@type":"ListItem","position":1,"name":"Home","item":"https:\/\/airam.estaciondiseno.es\/"},{"@type":"ListItem","position":2,"name":"GaGa"}]},{"@type":"WebSite","@id":"https:\/\/airam.estaciondiseno.es\/#website","url":"https:\/\/airam.estaciondiseno.es\/","name":"","description":"","potentialAction":[{"@type":"SearchAction","target":{"@type":"EntryPoint","urlTemplate":"https:\/\/airam.estaciondiseno.es\/?s={search_term_string}"},"query-input":"required name=search_term_string"}],"inLanguage":"es"}]}},"_links":{"self":[{"href":"https:\/\/airam.estaciondiseno.es\/index.php\/wp-json\/wp\/v2\/pages\/410","targetHints":{"allow":["GET"]}}],"collection":[{"href":"https:\/\/airam.estaciondiseno.es\/index.php\/wp-json\/wp\/v2\/pages"}],"about":[{"href":"https:\/\/airam.estaciondiseno.es\/index.php\/wp-json\/wp\/v2\/types\/page"}],"author":[{"embeddable":true,"href":"https:\/\/airam.estaciondiseno.es\/index.php\/wp-json\/wp\/v2\/users\/1"}],"replies":[{"embeddable":true,"href":"https:\/\/airam.estaciondiseno.es\/index.php\/wp-json\/wp\/v2\/comments?post=410"}],"version-history":[{"count":13,"href":"https:\/\/airam.estaciondiseno.es\/index.php\/wp-json\/wp\/v2\/pages\/410\/revisions"}],"predecessor-version":[{"id":700,"href":"https:\/\/airam.estaciondiseno.es\/index.php\/wp-json\/wp\/v2\/pages\/410\/revisions\/700"}],"wp:attachment":[{"href":"https:\/\/airam.estaciondiseno.es\/index.php\/wp-json\/wp\/v2\/media?parent=410"}],"curies":[{"name":"wp","href":"https:\/\/api.w.org\/{rel}","templated":true}]}}