{"id":419,"date":"2026-01-29T11:35:49","date_gmt":"2026-01-29T11:35:49","guid":{"rendered":"https:\/\/airam.estaciondiseno.es\/?page_id=419"},"modified":"2026-02-04T22:28:52","modified_gmt":"2026-02-04T22:28:52","slug":"dollhouse","status":"publish","type":"page","link":"https:\/\/airam.estaciondiseno.es\/index.php\/dollhouse\/","title":{"rendered":"Dollhouse"},"content":{"rendered":"\t\t<div data-elementor-type=\"wp-page\" data-elementor-id=\"419\" class=\"elementor elementor-419\" data-elementor-post-type=\"page\">\n\t\t\t\t<div class=\"elementor-element elementor-element-649bde4 e-flex e-con-boxed e-con e-parent\" data-id=\"649bde4\" data-element_type=\"container\">\n\t\t\t\t\t<div class=\"e-con-inner\">\n\t\t\t\t<div class=\"elementor-element elementor-element-312b90c elementor-widget elementor-widget-image\" data-id=\"312b90c\" data-element_type=\"widget\" data-widget_type=\"image.default\">\n\t\t\t\t\t\t\t\t\t\t\t\t\t\t\t<img fetchpriority=\"high\" decoding=\"async\" width=\"920\" height=\"266\" src=\"https:\/\/airam.estaciondiseno.es\/wp-content\/uploads\/2026\/02\/dollhouse-1024x296.jpg\" class=\"attachment-large size-large wp-image-689\" alt=\"\" srcset=\"https:\/\/airam.estaciondiseno.es\/wp-content\/uploads\/2026\/02\/dollhouse-1024x296.jpg 1024w, https:\/\/airam.estaciondiseno.es\/wp-content\/uploads\/2026\/02\/dollhouse-300x87.jpg 300w, https:\/\/airam.estaciondiseno.es\/wp-content\/uploads\/2026\/02\/dollhouse-768x222.jpg 768w, https:\/\/airam.estaciondiseno.es\/wp-content\/uploads\/2026\/02\/dollhouse-1536x443.jpg 1536w, https:\/\/airam.estaciondiseno.es\/wp-content\/uploads\/2026\/02\/dollhouse.jpg 1642w\" sizes=\"(max-width: 920px) 100vw, 920px\" \/>\t\t\t\t\t\t\t\t\t\t\t\t\t\t\t<\/div>\n\t\t\t\t\t<\/div>\n\t\t\t\t<\/div>\n\t\t<div class=\"elementor-element elementor-element-37c71b0 e-flex e-con-boxed e-con e-parent\" data-id=\"37c71b0\" data-element_type=\"container\">\n\t\t\t\t\t<div class=\"e-con-inner\">\n\t\t\t\t<div class=\"elementor-element elementor-element-46994eb elementor-widget elementor-widget-text-editor\" data-id=\"46994eb\" data-element_type=\"widget\" data-widget_type=\"text-editor.default\">\n\t\t\t\t\t\t\t\t\t<p><span style=\"font-family: k22; font-size: 18px;\"><span style=\"font-style: italic;\">Coleccio\u0301n de moda experimental de primavera\/verano, disen\u0303ada y confeccionada por Alba Gonzalez durante su tercer an\u0303o de carrera. Esta\u0301 inspirada en el concepto de la casa de mun\u0303ecas, y que combina la artesani\u0301a, las antigu\u0308edades, el surrealismo y la nostalgia. Incluye estructuras experimentales; prendas que recuerdan a objetos de una casa de mun\u0303ecas como mesas de te\u0301, la\u0301mparas, cortinas y edredones; y prendas hechas a mano con la te\u0301cnica <\/span><span style=\"font-style: italic;\">de crochet.<\/span><\/span><\/p>\n<div title=\"Page 40\">\n<p><span style=\"font-family: k22; font-size: 18px;\"><span style=\"font-style: italic;\">Todo esto con una este\u0301tica inspirada en los an\u0303os cincuenta, con antigu\u0308edades reales de esa de\u0301cada, que le dan un aire\u00a0<\/span><span style=\"font-style: italic;\">vintage y nosta\u0301lgico a la coleccio\u0301n.\u00a0<\/span><\/span><\/p>\n<\/div>\t\t\t\t\t\t\t\t<\/div>\n\t\t\t\t\t<\/div>\n\t\t\t\t<\/div>\n\t\t<div class=\"elementor-element elementor-element-03e98ee e-flex e-con-boxed e-con e-parent\" data-id=\"03e98ee\" data-element_type=\"container\">\n\t\t\t\t\t<div class=\"e-con-inner\">\n\t\t\t\t<div class=\"elementor-element elementor-element-2835564 elementor-widget elementor-widget-image\" data-id=\"2835564\" data-element_type=\"widget\" data-widget_type=\"image.default\">\n\t\t\t\t\t\t\t\t\t\t\t\t\t\t\t<img decoding=\"async\" width=\"920\" height=\"708\" src=\"https:\/\/airam.estaciondiseno.es\/wp-content\/uploads\/2026\/02\/Screenshot-2026-02-02-at-21.25.25-1024x788.png\" class=\"attachment-large size-large wp-image-519\" alt=\"\" srcset=\"https:\/\/airam.estaciondiseno.es\/wp-content\/uploads\/2026\/02\/Screenshot-2026-02-02-at-21.25.25-1024x788.png 1024w, https:\/\/airam.estaciondiseno.es\/wp-content\/uploads\/2026\/02\/Screenshot-2026-02-02-at-21.25.25-300x231.png 300w, https:\/\/airam.estaciondiseno.es\/wp-content\/uploads\/2026\/02\/Screenshot-2026-02-02-at-21.25.25-768x591.png 768w, https:\/\/airam.estaciondiseno.es\/wp-content\/uploads\/2026\/02\/Screenshot-2026-02-02-at-21.25.25-1536x1182.png 1536w, https:\/\/airam.estaciondiseno.es\/wp-content\/uploads\/2026\/02\/Screenshot-2026-02-02-at-21.25.25.png 1736w\" sizes=\"(max-width: 920px) 100vw, 920px\" \/>\t\t\t\t\t\t\t\t\t\t\t\t\t\t\t<\/div>\n\t\t\t\t\t<\/div>\n\t\t\t\t<\/div>\n\t\t<div class=\"elementor-element elementor-element-491a9a6 e-flex e-con-boxed e-con e-parent\" data-id=\"491a9a6\" data-element_type=\"container\">\n\t\t\t\t\t<div class=\"e-con-inner\">\n\t\t\t\t<div class=\"elementor-element elementor-element-2ded6e5 elementor-widget__width-initial elementor-widget elementor-widget-image\" data-id=\"2ded6e5\" data-element_type=\"widget\" data-widget_type=\"image.default\">\n\t\t\t\t\t\t\t\t\t\t\t\t\t\t\t<img decoding=\"async\" width=\"920\" height=\"617\" src=\"https:\/\/airam.estaciondiseno.es\/wp-content\/uploads\/2026\/02\/Screenshot-2026-02-02-at-21.25.12-1024x687.png\" class=\"attachment-large size-large wp-image-518\" alt=\"\" srcset=\"https:\/\/airam.estaciondiseno.es\/wp-content\/uploads\/2026\/02\/Screenshot-2026-02-02-at-21.25.12-1024x687.png 1024w, https:\/\/airam.estaciondiseno.es\/wp-content\/uploads\/2026\/02\/Screenshot-2026-02-02-at-21.25.12-300x201.png 300w, https:\/\/airam.estaciondiseno.es\/wp-content\/uploads\/2026\/02\/Screenshot-2026-02-02-at-21.25.12-768x515.png 768w, https:\/\/airam.estaciondiseno.es\/wp-content\/uploads\/2026\/02\/Screenshot-2026-02-02-at-21.25.12-1536x1030.png 1536w, https:\/\/airam.estaciondiseno.es\/wp-content\/uploads\/2026\/02\/Screenshot-2026-02-02-at-21.25.12.png 2004w\" sizes=\"(max-width: 920px) 100vw, 920px\" \/>\t\t\t\t\t\t\t\t\t\t\t\t\t\t\t<\/div>\n\t\t\t\t\t<\/div>\n\t\t\t\t<\/div>\n\t\t<div class=\"elementor-element elementor-element-a221d46 e-flex e-con-boxed e-con e-parent\" data-id=\"a221d46\" data-element_type=\"container\">\n\t\t\t\t\t<div class=\"e-con-inner\">\n\t\t\t\t<div class=\"elementor-element elementor-element-bae12d3 elementor-widget elementor-widget-image\" data-id=\"bae12d3\" data-element_type=\"widget\" data-widget_type=\"image.default\">\n\t\t\t\t\t\t\t\t\t\t\t\t\t\t\t<img loading=\"lazy\" decoding=\"async\" width=\"920\" height=\"615\" src=\"https:\/\/airam.estaciondiseno.es\/wp-content\/uploads\/2026\/02\/Screenshot-2026-02-02-at-21.24.55-1024x685.png\" class=\"attachment-large size-large wp-image-517\" alt=\"\" srcset=\"https:\/\/airam.estaciondiseno.es\/wp-content\/uploads\/2026\/02\/Screenshot-2026-02-02-at-21.24.55-1024x685.png 1024w, https:\/\/airam.estaciondiseno.es\/wp-content\/uploads\/2026\/02\/Screenshot-2026-02-02-at-21.24.55-300x201.png 300w, https:\/\/airam.estaciondiseno.es\/wp-content\/uploads\/2026\/02\/Screenshot-2026-02-02-at-21.24.55-768x514.png 768w, https:\/\/airam.estaciondiseno.es\/wp-content\/uploads\/2026\/02\/Screenshot-2026-02-02-at-21.24.55-1536x1028.png 1536w, https:\/\/airam.estaciondiseno.es\/wp-content\/uploads\/2026\/02\/Screenshot-2026-02-02-at-21.24.55.png 2030w\" sizes=\"(max-width: 920px) 100vw, 920px\" \/>\t\t\t\t\t\t\t\t\t\t\t\t\t\t\t<\/div>\n\t\t<div class=\"elementor-element elementor-element-9335d8c e-con-full e-flex e-con e-child\" data-id=\"9335d8c\" data-element_type=\"container\">\n\t\t\t\t<div class=\"elementor-element elementor-element-747c62a elementor-widget elementor-widget-text-editor\" data-id=\"747c62a\" data-element_type=\"widget\" data-widget_type=\"text-editor.default\">\n\t\t\t\t\t\t\t\t\t<div class=\"page\" title=\"Page 42\">\n<div class=\"layoutArea\">\n<div class=\"column\">\n<p><span style=\"font-family: k22;\"><span style=\"font-style: italic;\">Con esta colecci\u00f3n, Alba quiso crear un mundo idealizado, en el que todo fuese bonito, todo estuviese cuidado al detalle y pareciese perfecto.\u00a0<\/span><\/span><\/p>\n<p><span style=\"font-family: k22;\"><span style=\"font-style: italic;\">\u00a0<\/span><\/span><span style=\"font-family: k22;\"><span style=\"font-style: italic;\">Todo esto, se manifiesta en el concepto de la casa de mu\u00f1ecas: un lugar peque\u00f1o, nost\u00e1lgico y m\u00e1gico en el cual refugiarse. No es una copia exacta de la realidad, sino una mejorada. <\/span><\/span><\/p>\n<p><span style=\"font-family: k22;\"><span style=\"font-style: italic;\">Es una casa de mu\u00f1ecas llena de piezas de porcelana, cajas de m\u00fasica con bailarinas dentro, manteles de cuadro, cajas de galletas, edredones acolchados&#8230;<\/span><\/span><\/p>\n<\/div>\n<\/div>\n<\/div>\t\t\t\t\t\t\t\t<\/div>\n\t\t\t\t<\/div>\n\t\t\t\t\t<\/div>\n\t\t\t\t<\/div>\n\t\t<div class=\"elementor-element elementor-element-67609fb e-flex e-con-boxed e-con e-parent\" data-id=\"67609fb\" data-element_type=\"container\">\n\t\t\t\t\t<div class=\"e-con-inner\">\n\t\t\t\t<div class=\"elementor-element elementor-element-213b0a7 elementor-widget elementor-widget-text-editor\" data-id=\"213b0a7\" data-element_type=\"widget\" data-widget_type=\"text-editor.default\">\n\t\t\t\t\t\t\t\t\t<p>\u00a0<\/p><div class=\"page\" title=\"Page 43\"><div class=\"layoutArea\"><div class=\"column\"><p><span style=\"font-family: BodoniSvtyTwoOSITCTT;\"><span style=\"font-size: 16px;\"><i>Cr\u00e9ditos;<\/i><\/span><\/span><\/p><p><span style=\"font-size: 12.000000pt; font-family: 'BodoniSvtyTwoOSITCTT'; font-style: italic;\">Modelo: Miriam Marti\u0301n Parejo <\/span><span style=\"font-size: 12.000000pt; font-family: 'BodoniSvtyTwoOSITCTT'; font-style: italic;\">@miiri_pm<br \/><\/span><span style=\"font-size: 12.000000pt; font-family: 'BodoniSvtyTwoOSITCTT'; font-style: italic;\">Fotografi\u0301a: Daniel Marti\u0301nez <\/span><span style=\"font-size: 12.000000pt; font-family: 'BodoniSvtyTwoOSITCTT'; font-style: italic;\">@peni.png<br \/><\/span><\/p><p><span style=\"font-size: 12.000000pt; font-family: 'BodoniSvtyTwoOSITCTT'; font-style: italic;\">Maquillaje y peluqueri\u0301a: Ana <\/span><span style=\"font-size: 12.000000pt; font-family: 'BodoniSvtyTwoOSITCTT'; font-style: italic;\">Lo\u0301pez. @aniiitalpz y Lola @mu.mia_<\/span><\/p><p><span style=\"font-size: 12.000000pt; font-family: 'BodoniSvtyTwoOSITCTT'; font-style: italic;\"><br \/><\/span><span style=\"font-size: 12.000000pt; font-family: 'BodoniSvtyTwoOSITCTT'; font-style: italic;\">Disen\u0303os y estilismo: Alba Gonza\u0301lez <\/span><span style=\"font-size: 12.000000pt; font-family: 'BodoniSvtyTwoOSITCTT'; font-style: italic;\">@alba.bbx<br \/><\/span><\/p><p><span style=\"font-size: 12.000000pt; font-family: 'BodoniSvtyTwoOSITCTT'; font-style: italic;\">Asistente de estilismo: Airam <\/span><span style=\"font-size: 12.000000pt; font-family: 'BodoniSvtyTwoOSITCTT'; font-style: italic;\">@a.aiiraam\u00a0<\/span><\/p><\/div><\/div><\/div>\t\t\t\t\t\t\t\t<\/div>\n\t\t\t\t\t<\/div>\n\t\t\t\t<\/div>\n\t\t\t\t<\/div>\n\t\t","protected":false},"excerpt":{"rendered":"<p>Coleccio\u0301n de moda experimental de primavera\/verano, disen\u0303ada y confeccionada por Alba Gonzalez durante su tercer an\u0303o de carrera. Esta\u0301 inspirada en el concepto de la casa de mun\u0303ecas, y que<\/p>\n<p class=\"more-link\"><a href=\"https:\/\/airam.estaciondiseno.es\/index.php\/dollhouse\/\" class=\"readmore\">Seguir leyendo&#8230;<span class=\"screen-reader-text\">Dollhouse<\/span><\/a><\/p>\n","protected":false},"author":1,"featured_media":0,"parent":0,"menu_order":0,"comment_status":"closed","ping_status":"closed","template":"","meta":{"footnotes":""},"class_list":["post-419","page","type-page","status-publish","hentry"],"yoast_head":"<!-- This site is optimized with the Yoast SEO Premium plugin v20.12 (Yoast SEO v20.12) - https:\/\/yoast.com\/wordpress\/plugins\/seo\/ -->\n<title>Dollhouse -<\/title>\n<meta name=\"robots\" content=\"index, follow, max-snippet:-1, max-image-preview:large, max-video-preview:-1\" \/>\n<link rel=\"canonical\" href=\"https:\/\/airam.estaciondiseno.es\/index.php\/dollhouse\/\" \/>\n<meta property=\"og:locale\" content=\"es_ES\" \/>\n<meta property=\"og:type\" content=\"article\" \/>\n<meta property=\"og:title\" content=\"Dollhouse\" \/>\n<meta property=\"og:description\" content=\"Coleccio\u0301n de moda experimental de primavera\/verano, disen\u0303ada y confeccionada por Alba Gonzalez durante su tercer an\u0303o de carrera. Esta\u0301 inspirada en el concepto de la casa de mun\u0303ecas, y queSeguir leyendo...Dollhouse\" \/>\n<meta property=\"og:url\" content=\"https:\/\/airam.estaciondiseno.es\/index.php\/dollhouse\/\" \/>\n<meta property=\"article:modified_time\" content=\"2026-02-04T22:28:52+00:00\" \/>\n<meta property=\"og:image\" content=\"https:\/\/airam.estaciondiseno.es\/wp-content\/uploads\/2026\/02\/dollhouse-1024x296.jpg\" \/>\n<meta name=\"twitter:card\" content=\"summary_large_image\" \/>\n<script type=\"application\/ld+json\" class=\"yoast-schema-graph\">{\"@context\":\"https:\/\/schema.org\",\"@graph\":[{\"@type\":\"WebPage\",\"@id\":\"https:\/\/airam.estaciondiseno.es\/index.php\/dollhouse\/\",\"url\":\"https:\/\/airam.estaciondiseno.es\/index.php\/dollhouse\/\",\"name\":\"Dollhouse -\",\"isPartOf\":{\"@id\":\"https:\/\/airam.estaciondiseno.es\/#website\"},\"datePublished\":\"2026-01-29T11:35:49+00:00\",\"dateModified\":\"2026-02-04T22:28:52+00:00\",\"breadcrumb\":{\"@id\":\"https:\/\/airam.estaciondiseno.es\/index.php\/dollhouse\/#breadcrumb\"},\"inLanguage\":\"es\",\"potentialAction\":[{\"@type\":\"ReadAction\",\"target\":[\"https:\/\/airam.estaciondiseno.es\/index.php\/dollhouse\/\"]}]},{\"@type\":\"BreadcrumbList\",\"@id\":\"https:\/\/airam.estaciondiseno.es\/index.php\/dollhouse\/#breadcrumb\",\"itemListElement\":[{\"@type\":\"ListItem\",\"position\":1,\"name\":\"Home\",\"item\":\"https:\/\/airam.estaciondiseno.es\/\"},{\"@type\":\"ListItem\",\"position\":2,\"name\":\"Dollhouse\"}]},{\"@type\":\"WebSite\",\"@id\":\"https:\/\/airam.estaciondiseno.es\/#website\",\"url\":\"https:\/\/airam.estaciondiseno.es\/\",\"name\":\"\",\"description\":\"\",\"potentialAction\":[{\"@type\":\"SearchAction\",\"target\":{\"@type\":\"EntryPoint\",\"urlTemplate\":\"https:\/\/airam.estaciondiseno.es\/?s={search_term_string}\"},\"query-input\":\"required name=search_term_string\"}],\"inLanguage\":\"es\"}]}<\/script>\n<!-- \/ Yoast SEO Premium plugin. -->","yoast_head_json":{"title":"Dollhouse -","robots":{"index":"index","follow":"follow","max-snippet":"max-snippet:-1","max-image-preview":"max-image-preview:large","max-video-preview":"max-video-preview:-1"},"canonical":"https:\/\/airam.estaciondiseno.es\/index.php\/dollhouse\/","og_locale":"es_ES","og_type":"article","og_title":"Dollhouse","og_description":"Coleccio\u0301n de moda experimental de primavera\/verano, disen\u0303ada y confeccionada por Alba Gonzalez durante su tercer an\u0303o de carrera. Esta\u0301 inspirada en el concepto de la casa de mun\u0303ecas, y queSeguir leyendo...Dollhouse","og_url":"https:\/\/airam.estaciondiseno.es\/index.php\/dollhouse\/","article_modified_time":"2026-02-04T22:28:52+00:00","og_image":[{"url":"https:\/\/airam.estaciondiseno.es\/wp-content\/uploads\/2026\/02\/dollhouse-1024x296.jpg"}],"twitter_card":"summary_large_image","schema":{"@context":"https:\/\/schema.org","@graph":[{"@type":"WebPage","@id":"https:\/\/airam.estaciondiseno.es\/index.php\/dollhouse\/","url":"https:\/\/airam.estaciondiseno.es\/index.php\/dollhouse\/","name":"Dollhouse -","isPartOf":{"@id":"https:\/\/airam.estaciondiseno.es\/#website"},"datePublished":"2026-01-29T11:35:49+00:00","dateModified":"2026-02-04T22:28:52+00:00","breadcrumb":{"@id":"https:\/\/airam.estaciondiseno.es\/index.php\/dollhouse\/#breadcrumb"},"inLanguage":"es","potentialAction":[{"@type":"ReadAction","target":["https:\/\/airam.estaciondiseno.es\/index.php\/dollhouse\/"]}]},{"@type":"BreadcrumbList","@id":"https:\/\/airam.estaciondiseno.es\/index.php\/dollhouse\/#breadcrumb","itemListElement":[{"@type":"ListItem","position":1,"name":"Home","item":"https:\/\/airam.estaciondiseno.es\/"},{"@type":"ListItem","position":2,"name":"Dollhouse"}]},{"@type":"WebSite","@id":"https:\/\/airam.estaciondiseno.es\/#website","url":"https:\/\/airam.estaciondiseno.es\/","name":"","description":"","potentialAction":[{"@type":"SearchAction","target":{"@type":"EntryPoint","urlTemplate":"https:\/\/airam.estaciondiseno.es\/?s={search_term_string}"},"query-input":"required name=search_term_string"}],"inLanguage":"es"}]}},"_links":{"self":[{"href":"https:\/\/airam.estaciondiseno.es\/index.php\/wp-json\/wp\/v2\/pages\/419","targetHints":{"allow":["GET"]}}],"collection":[{"href":"https:\/\/airam.estaciondiseno.es\/index.php\/wp-json\/wp\/v2\/pages"}],"about":[{"href":"https:\/\/airam.estaciondiseno.es\/index.php\/wp-json\/wp\/v2\/types\/page"}],"author":[{"embeddable":true,"href":"https:\/\/airam.estaciondiseno.es\/index.php\/wp-json\/wp\/v2\/users\/1"}],"replies":[{"embeddable":true,"href":"https:\/\/airam.estaciondiseno.es\/index.php\/wp-json\/wp\/v2\/comments?post=419"}],"version-history":[{"count":19,"href":"https:\/\/airam.estaciondiseno.es\/index.php\/wp-json\/wp\/v2\/pages\/419\/revisions"}],"predecessor-version":[{"id":712,"href":"https:\/\/airam.estaciondiseno.es\/index.php\/wp-json\/wp\/v2\/pages\/419\/revisions\/712"}],"wp:attachment":[{"href":"https:\/\/airam.estaciondiseno.es\/index.php\/wp-json\/wp\/v2\/media?parent=419"}],"curies":[{"name":"wp","href":"https:\/\/api.w.org\/{rel}","templated":true}]}}