{"id":425,"date":"2026-02-03T00:00:09","date_gmt":"2026-02-03T00:00:09","guid":{"rendered":"https:\/\/airam.estaciondiseno.es\/?page_id=425"},"modified":"2026-02-04T22:23:14","modified_gmt":"2026-02-04T22:23:14","slug":"about-me","status":"publish","type":"page","link":"https:\/\/airam.estaciondiseno.es\/index.php\/about-me\/","title":{"rendered":"about me"},"content":{"rendered":"\t\t<div data-elementor-type=\"wp-page\" data-elementor-id=\"425\" class=\"elementor elementor-425\" data-elementor-post-type=\"page\">\n\t\t\t\t<div class=\"elementor-element elementor-element-84bc1b9 e-flex e-con-boxed e-con e-parent\" data-id=\"84bc1b9\" data-element_type=\"container\">\n\t\t\t\t\t<div class=\"e-con-inner\">\n\t\t\t\t<div class=\"elementor-element elementor-element-8de259b elementor-widget elementor-widget-image\" data-id=\"8de259b\" data-element_type=\"widget\" data-widget_type=\"image.default\">\n\t\t\t\t\t\t\t\t\t\t\t\t\t\t\t<img fetchpriority=\"high\" decoding=\"async\" width=\"920\" height=\"219\" src=\"https:\/\/airam.estaciondiseno.es\/wp-content\/uploads\/2026\/02\/abou-e1770243770683-1024x244.jpg\" class=\"attachment-large size-large wp-image-688\" alt=\"\" srcset=\"https:\/\/airam.estaciondiseno.es\/wp-content\/uploads\/2026\/02\/abou-e1770243770683-1024x244.jpg 1024w, https:\/\/airam.estaciondiseno.es\/wp-content\/uploads\/2026\/02\/abou-e1770243770683-300x71.jpg 300w, https:\/\/airam.estaciondiseno.es\/wp-content\/uploads\/2026\/02\/abou-e1770243770683-768x183.jpg 768w, https:\/\/airam.estaciondiseno.es\/wp-content\/uploads\/2026\/02\/abou-e1770243770683-1536x365.jpg 1536w, https:\/\/airam.estaciondiseno.es\/wp-content\/uploads\/2026\/02\/abou-e1770243770683.jpg 1992w\" sizes=\"(max-width: 920px) 100vw, 920px\" \/>\t\t\t\t\t\t\t\t\t\t\t\t\t\t\t<\/div>\n\t\t\t\t\t<\/div>\n\t\t\t\t<\/div>\n\t\t<div class=\"elementor-element elementor-element-742514f e-flex e-con-boxed e-con e-parent\" data-id=\"742514f\" data-element_type=\"container\">\n\t\t\t\t\t<div class=\"e-con-inner\">\n\t\t\t\t<div class=\"elementor-element elementor-element-5694472 elementor-widget elementor-widget-image\" data-id=\"5694472\" data-element_type=\"widget\" data-widget_type=\"image.default\">\n\t\t\t\t\t\t\t\t\t\t\t\t\t\t\t<img decoding=\"async\" width=\"920\" height=\"434\" src=\"https:\/\/airam.estaciondiseno.es\/wp-content\/uploads\/2026\/01\/ai-1024x483.jpg\" class=\"attachment-large size-large wp-image-442\" alt=\"\" srcset=\"https:\/\/airam.estaciondiseno.es\/wp-content\/uploads\/2026\/01\/ai-1024x483.jpg 1024w, https:\/\/airam.estaciondiseno.es\/wp-content\/uploads\/2026\/01\/ai-300x142.jpg 300w, https:\/\/airam.estaciondiseno.es\/wp-content\/uploads\/2026\/01\/ai-768x362.jpg 768w, https:\/\/airam.estaciondiseno.es\/wp-content\/uploads\/2026\/01\/ai-1536x724.jpg 1536w, https:\/\/airam.estaciondiseno.es\/wp-content\/uploads\/2026\/01\/ai.jpg 1571w\" sizes=\"(max-width: 920px) 100vw, 920px\" \/>\t\t\t\t\t\t\t\t\t\t\t\t\t\t\t<\/div>\n\t\t\t\t\t<\/div>\n\t\t\t\t<\/div>\n\t\t<div class=\"elementor-element elementor-element-6b8796cd e-flex e-con-boxed e-con e-parent\" data-id=\"6b8796cd\" data-element_type=\"container\">\n\t\t\t\t\t<div class=\"e-con-inner\">\n\t\t\t\t<div class=\"elementor-element elementor-element-3ad83eb2 elementor-widget elementor-widget-text-editor\" data-id=\"3ad83eb2\" data-element_type=\"widget\" data-widget_type=\"text-editor.default\">\n\t\t\t\t\t\t\t\t\t\n<figure class=\"wp-block-gallery has-nested-images columns-default is-cropped wp-block-gallery-3 is-layout-flex wp-block-gallery-is-layout-flex\">\n<figure class=\"wp-block-image size-large\"><img decoding=\"async\" width=\"1024\" height=\"998\" data-id=\"588\" class=\"wp-image-588\" src=\"https:\/\/airam.estaciondiseno.es\/wp-content\/uploads\/2026\/02\/IMG_ECA07EDD2A88-1-1024x998.jpeg\" alt=\"\" srcset=\"https:\/\/airam.estaciondiseno.es\/wp-content\/uploads\/2026\/02\/IMG_ECA07EDD2A88-1-1024x998.jpeg 1024w, https:\/\/airam.estaciondiseno.es\/wp-content\/uploads\/2026\/02\/IMG_ECA07EDD2A88-1-300x292.jpeg 300w, https:\/\/airam.estaciondiseno.es\/wp-content\/uploads\/2026\/02\/IMG_ECA07EDD2A88-1-768x748.jpeg 768w, https:\/\/airam.estaciondiseno.es\/wp-content\/uploads\/2026\/02\/IMG_ECA07EDD2A88-1-50x50.jpeg 50w, https:\/\/airam.estaciondiseno.es\/wp-content\/uploads\/2026\/02\/IMG_ECA07EDD2A88-1.jpeg 1170w\" sizes=\"(max-width: 1024px) 100vw, 1024px\" \/><\/figure>\n<\/figure>\n\n<p>Soy Maria, estudiante de Dise\u00f1o de Moda en cuarto curso, interesada en los procesos creativos del sector, con especial inter\u00e9s en el estilismo, la comunicaci\u00f3n y el marketing.<\/p>\n\n<p>Me defino como una persona curiosa, inquieta y comprometida, con una marcada sensibilidad est\u00e9tica y capacidad para desarrollar concep- tos creativos con coherencia visual y estrat\u00e9gica.<\/p>\n\n<p>Mi objetivo es integrarme en un entorno profesional que me permita seguir aprendiendo, ampliar mi visi\u00f3n del sector y fortalecer mi identidad creativa, aportando actitud, implicaci\u00f3n y ganas de crecer profesionalmente.<\/p>\n\n<figure class=\"wp-block-gallery has-nested-images columns-default is-cropped wp-block-gallery-4 is-layout-flex wp-block-gallery-is-layout-flex\">\n<figure class=\"wp-block-image size-large\"><img loading=\"lazy\" decoding=\"async\" width=\"1024\" height=\"616\" data-id=\"545\" class=\"wp-image-545\" src=\"https:\/\/airam.estaciondiseno.es\/wp-content\/uploads\/2026\/01\/qqqqqhhs-copy-1024x616.jpg\" alt=\"\" srcset=\"https:\/\/airam.estaciondiseno.es\/wp-content\/uploads\/2026\/01\/qqqqqhhs-copy-1024x616.jpg 1024w, https:\/\/airam.estaciondiseno.es\/wp-content\/uploads\/2026\/01\/qqqqqhhs-copy-300x181.jpg 300w, https:\/\/airam.estaciondiseno.es\/wp-content\/uploads\/2026\/01\/qqqqqhhs-copy-768x462.jpg 768w, https:\/\/airam.estaciondiseno.es\/wp-content\/uploads\/2026\/01\/qqqqqhhs-copy-1536x925.jpg 1536w, https:\/\/airam.estaciondiseno.es\/wp-content\/uploads\/2026\/01\/qqqqqhhs-copy-2048x1233.jpg 2048w\" sizes=\"(max-width: 1024px) 100vw, 1024px\" \/><\/figure>\n<\/figure>\n\t\t\t\t\t\t\t\t<\/div>\n\t\t\t\t\t<\/div>\n\t\t\t\t<\/div>\n\t\t\t\t<\/div>\n\t\t","protected":false},"excerpt":{"rendered":"<p>Soy Maria, estudiante de Dise\u00f1o de Moda en cuarto curso, interesada en los procesos creativos del sector, con especial inter\u00e9s en el estilismo, la comunicaci\u00f3n y el marketing. Me defino<\/p>\n<p class=\"more-link\"><a href=\"https:\/\/airam.estaciondiseno.es\/index.php\/about-me\/\" class=\"readmore\">Seguir leyendo&#8230;<span class=\"screen-reader-text\">about me<\/span><\/a><\/p>\n","protected":false},"author":1,"featured_media":0,"parent":0,"menu_order":0,"comment_status":"closed","ping_status":"closed","template":"","meta":{"footnotes":""},"class_list":["post-425","page","type-page","status-publish","hentry"],"yoast_head":"<!-- This site is optimized with the Yoast SEO Premium plugin v20.12 (Yoast SEO v20.12) - https:\/\/yoast.com\/wordpress\/plugins\/seo\/ -->\n<title>about me -<\/title>\n<meta name=\"robots\" content=\"index, follow, max-snippet:-1, max-image-preview:large, max-video-preview:-1\" \/>\n<link rel=\"canonical\" href=\"https:\/\/airam.estaciondiseno.es\/index.php\/about-me\/\" \/>\n<meta property=\"og:locale\" content=\"es_ES\" \/>\n<meta property=\"og:type\" content=\"article\" \/>\n<meta property=\"og:title\" content=\"about me\" \/>\n<meta property=\"og:description\" content=\"Soy Maria, estudiante de Dise\u00f1o de Moda en cuarto curso, interesada en los procesos creativos del sector, con especial inter\u00e9s en el estilismo, la comunicaci\u00f3n y el marketing. Me definoSeguir leyendo...about me\" \/>\n<meta property=\"og:url\" content=\"https:\/\/airam.estaciondiseno.es\/index.php\/about-me\/\" \/>\n<meta property=\"article:modified_time\" content=\"2026-02-04T22:23:14+00:00\" \/>\n<meta property=\"og:image\" content=\"https:\/\/airam.estaciondiseno.es\/wp-content\/uploads\/2026\/02\/abou-e1770243770683-1024x244.jpg\" \/>\n<meta name=\"twitter:card\" content=\"summary_large_image\" \/>\n<script type=\"application\/ld+json\" class=\"yoast-schema-graph\">{\"@context\":\"https:\/\/schema.org\",\"@graph\":[{\"@type\":\"WebPage\",\"@id\":\"https:\/\/airam.estaciondiseno.es\/index.php\/about-me\/\",\"url\":\"https:\/\/airam.estaciondiseno.es\/index.php\/about-me\/\",\"name\":\"about me -\",\"isPartOf\":{\"@id\":\"https:\/\/airam.estaciondiseno.es\/#website\"},\"datePublished\":\"2026-02-03T00:00:09+00:00\",\"dateModified\":\"2026-02-04T22:23:14+00:00\",\"breadcrumb\":{\"@id\":\"https:\/\/airam.estaciondiseno.es\/index.php\/about-me\/#breadcrumb\"},\"inLanguage\":\"es\",\"potentialAction\":[{\"@type\":\"ReadAction\",\"target\":[\"https:\/\/airam.estaciondiseno.es\/index.php\/about-me\/\"]}]},{\"@type\":\"BreadcrumbList\",\"@id\":\"https:\/\/airam.estaciondiseno.es\/index.php\/about-me\/#breadcrumb\",\"itemListElement\":[{\"@type\":\"ListItem\",\"position\":1,\"name\":\"Home\",\"item\":\"https:\/\/airam.estaciondiseno.es\/\"},{\"@type\":\"ListItem\",\"position\":2,\"name\":\"about me\"}]},{\"@type\":\"WebSite\",\"@id\":\"https:\/\/airam.estaciondiseno.es\/#website\",\"url\":\"https:\/\/airam.estaciondiseno.es\/\",\"name\":\"\",\"description\":\"\",\"potentialAction\":[{\"@type\":\"SearchAction\",\"target\":{\"@type\":\"EntryPoint\",\"urlTemplate\":\"https:\/\/airam.estaciondiseno.es\/?s={search_term_string}\"},\"query-input\":\"required name=search_term_string\"}],\"inLanguage\":\"es\"}]}<\/script>\n<!-- \/ Yoast SEO Premium plugin. -->","yoast_head_json":{"title":"about me -","robots":{"index":"index","follow":"follow","max-snippet":"max-snippet:-1","max-image-preview":"max-image-preview:large","max-video-preview":"max-video-preview:-1"},"canonical":"https:\/\/airam.estaciondiseno.es\/index.php\/about-me\/","og_locale":"es_ES","og_type":"article","og_title":"about me","og_description":"Soy Maria, estudiante de Dise\u00f1o de Moda en cuarto curso, interesada en los procesos creativos del sector, con especial inter\u00e9s en el estilismo, la comunicaci\u00f3n y el marketing. Me definoSeguir leyendo...about me","og_url":"https:\/\/airam.estaciondiseno.es\/index.php\/about-me\/","article_modified_time":"2026-02-04T22:23:14+00:00","og_image":[{"url":"https:\/\/airam.estaciondiseno.es\/wp-content\/uploads\/2026\/02\/abou-e1770243770683-1024x244.jpg"}],"twitter_card":"summary_large_image","schema":{"@context":"https:\/\/schema.org","@graph":[{"@type":"WebPage","@id":"https:\/\/airam.estaciondiseno.es\/index.php\/about-me\/","url":"https:\/\/airam.estaciondiseno.es\/index.php\/about-me\/","name":"about me -","isPartOf":{"@id":"https:\/\/airam.estaciondiseno.es\/#website"},"datePublished":"2026-02-03T00:00:09+00:00","dateModified":"2026-02-04T22:23:14+00:00","breadcrumb":{"@id":"https:\/\/airam.estaciondiseno.es\/index.php\/about-me\/#breadcrumb"},"inLanguage":"es","potentialAction":[{"@type":"ReadAction","target":["https:\/\/airam.estaciondiseno.es\/index.php\/about-me\/"]}]},{"@type":"BreadcrumbList","@id":"https:\/\/airam.estaciondiseno.es\/index.php\/about-me\/#breadcrumb","itemListElement":[{"@type":"ListItem","position":1,"name":"Home","item":"https:\/\/airam.estaciondiseno.es\/"},{"@type":"ListItem","position":2,"name":"about me"}]},{"@type":"WebSite","@id":"https:\/\/airam.estaciondiseno.es\/#website","url":"https:\/\/airam.estaciondiseno.es\/","name":"","description":"","potentialAction":[{"@type":"SearchAction","target":{"@type":"EntryPoint","urlTemplate":"https:\/\/airam.estaciondiseno.es\/?s={search_term_string}"},"query-input":"required name=search_term_string"}],"inLanguage":"es"}]}},"_links":{"self":[{"href":"https:\/\/airam.estaciondiseno.es\/index.php\/wp-json\/wp\/v2\/pages\/425","targetHints":{"allow":["GET"]}}],"collection":[{"href":"https:\/\/airam.estaciondiseno.es\/index.php\/wp-json\/wp\/v2\/pages"}],"about":[{"href":"https:\/\/airam.estaciondiseno.es\/index.php\/wp-json\/wp\/v2\/types\/page"}],"author":[{"embeddable":true,"href":"https:\/\/airam.estaciondiseno.es\/index.php\/wp-json\/wp\/v2\/users\/1"}],"replies":[{"embeddable":true,"href":"https:\/\/airam.estaciondiseno.es\/index.php\/wp-json\/wp\/v2\/comments?post=425"}],"version-history":[{"count":5,"href":"https:\/\/airam.estaciondiseno.es\/index.php\/wp-json\/wp\/v2\/pages\/425\/revisions"}],"predecessor-version":[{"id":695,"href":"https:\/\/airam.estaciondiseno.es\/index.php\/wp-json\/wp\/v2\/pages\/425\/revisions\/695"}],"wp:attachment":[{"href":"https:\/\/airam.estaciondiseno.es\/index.php\/wp-json\/wp\/v2\/media?parent=425"}],"curies":[{"name":"wp","href":"https:\/\/api.w.org\/{rel}","templated":true}]}}