{"id":511,"date":"2026-02-02T20:22:49","date_gmt":"2026-02-02T20:22:49","guid":{"rendered":"https:\/\/airam.estaciondiseno.es\/?page_id=511"},"modified":"2026-02-04T22:29:08","modified_gmt":"2026-02-04T22:29:08","slug":"santaella-fashion-film","status":"publish","type":"page","link":"https:\/\/airam.estaciondiseno.es\/index.php\/santaella-fashion-film\/","title":{"rendered":"Santaella Fashion Film"},"content":{"rendered":"\t\t<div data-elementor-type=\"wp-page\" data-elementor-id=\"511\" class=\"elementor elementor-511\" data-elementor-post-type=\"page\">\n\t\t\t\t<div class=\"elementor-element elementor-element-03cec1b e-flex e-con-boxed e-con e-parent\" data-id=\"03cec1b\" data-element_type=\"container\">\n\t\t\t\t\t<div class=\"e-con-inner\">\n\t\t\t\t<div class=\"elementor-element elementor-element-e496e1e elementor-widget elementor-widget-image\" data-id=\"e496e1e\" data-element_type=\"widget\" data-widget_type=\"image.default\">\n\t\t\t\t\t\t\t\t\t\t\t\t\t\t\t<img fetchpriority=\"high\" decoding=\"async\" width=\"920\" height=\"181\" src=\"https:\/\/airam.estaciondiseno.es\/wp-content\/uploads\/2026\/02\/santaella-1024x201.jpg\" class=\"attachment-large size-large wp-image-692\" alt=\"\" srcset=\"https:\/\/airam.estaciondiseno.es\/wp-content\/uploads\/2026\/02\/santaella-1024x201.jpg 1024w, https:\/\/airam.estaciondiseno.es\/wp-content\/uploads\/2026\/02\/santaella-300x59.jpg 300w, https:\/\/airam.estaciondiseno.es\/wp-content\/uploads\/2026\/02\/santaella-768x151.jpg 768w, https:\/\/airam.estaciondiseno.es\/wp-content\/uploads\/2026\/02\/santaella-1536x301.jpg 1536w, https:\/\/airam.estaciondiseno.es\/wp-content\/uploads\/2026\/02\/santaella-2048x402.jpg 2048w\" sizes=\"(max-width: 920px) 100vw, 920px\" \/>\t\t\t\t\t\t\t\t\t\t\t\t\t\t\t<\/div>\n\t\t\t\t\t<\/div>\n\t\t\t\t<\/div>\n\t\t<div class=\"elementor-element elementor-element-9b966c2 e-flex e-con-boxed e-con e-parent\" data-id=\"9b966c2\" data-element_type=\"container\">\n\t\t\t\t\t<div class=\"e-con-inner\">\n\t\t\t\t<div class=\"elementor-element elementor-element-47e504f elementor-widget elementor-widget-image\" data-id=\"47e504f\" data-element_type=\"widget\" data-widget_type=\"image.default\">\n\t\t\t\t\t\t\t\t\t\t\t\t\t\t\t<img decoding=\"async\" width=\"683\" height=\"1024\" src=\"https:\/\/airam.estaciondiseno.es\/wp-content\/uploads\/2026\/01\/Foto_00071-683x1024.jpg\" class=\"attachment-large size-large wp-image-558\" alt=\"\" srcset=\"https:\/\/airam.estaciondiseno.es\/wp-content\/uploads\/2026\/01\/Foto_00071-683x1024.jpg 683w, https:\/\/airam.estaciondiseno.es\/wp-content\/uploads\/2026\/01\/Foto_00071-200x300.jpg 200w, https:\/\/airam.estaciondiseno.es\/wp-content\/uploads\/2026\/01\/Foto_00071-768x1152.jpg 768w, https:\/\/airam.estaciondiseno.es\/wp-content\/uploads\/2026\/01\/Foto_00071-1024x1536.jpg 1024w, https:\/\/airam.estaciondiseno.es\/wp-content\/uploads\/2026\/01\/Foto_00071-1365x2048.jpg 1365w, https:\/\/airam.estaciondiseno.es\/wp-content\/uploads\/2026\/01\/Foto_00071-scaled.jpg 1707w\" sizes=\"(max-width: 683px) 100vw, 683px\" \/>\t\t\t\t\t\t\t\t\t\t\t\t\t\t\t<\/div>\n\t\t\t\t\t<\/div>\n\t\t\t\t<\/div>\n\t\t<div class=\"elementor-element elementor-element-6bc0e68 e-grid e-con-boxed e-con e-parent\" data-id=\"6bc0e68\" data-element_type=\"container\">\n\t\t\t\t\t<div class=\"e-con-inner\">\n\t\t\t\t<div class=\"elementor-element elementor-element-addbcf4 elementor-widget elementor-widget-image\" data-id=\"addbcf4\" data-element_type=\"widget\" data-widget_type=\"image.default\">\n\t\t\t\t\t\t\t\t\t\t\t\t\t\t\t<img decoding=\"async\" width=\"683\" height=\"1024\" src=\"https:\/\/airam.estaciondiseno.es\/wp-content\/uploads\/2026\/01\/Foto_00045-683x1024.jpg\" class=\"attachment-large size-large wp-image-552\" alt=\"\" srcset=\"https:\/\/airam.estaciondiseno.es\/wp-content\/uploads\/2026\/01\/Foto_00045-683x1024.jpg 683w, https:\/\/airam.estaciondiseno.es\/wp-content\/uploads\/2026\/01\/Foto_00045-200x300.jpg 200w, https:\/\/airam.estaciondiseno.es\/wp-content\/uploads\/2026\/01\/Foto_00045-768x1152.jpg 768w, https:\/\/airam.estaciondiseno.es\/wp-content\/uploads\/2026\/01\/Foto_00045-1024x1536.jpg 1024w, https:\/\/airam.estaciondiseno.es\/wp-content\/uploads\/2026\/01\/Foto_00045-1365x2048.jpg 1365w, https:\/\/airam.estaciondiseno.es\/wp-content\/uploads\/2026\/01\/Foto_00045-scaled.jpg 1707w\" sizes=\"(max-width: 683px) 100vw, 683px\" \/>\t\t\t\t\t\t\t\t\t\t\t\t\t\t\t<\/div>\n\t\t\t\t<div class=\"elementor-element elementor-element-499f7d1 elementor-widget elementor-widget-image\" data-id=\"499f7d1\" data-element_type=\"widget\" data-widget_type=\"image.default\">\n\t\t\t\t\t\t\t\t\t\t\t\t\t\t\t<img loading=\"lazy\" decoding=\"async\" width=\"683\" height=\"1024\" src=\"https:\/\/airam.estaciondiseno.es\/wp-content\/uploads\/2026\/01\/Foto_00056-683x1024.jpg\" class=\"attachment-large size-large wp-image-555\" alt=\"\" srcset=\"https:\/\/airam.estaciondiseno.es\/wp-content\/uploads\/2026\/01\/Foto_00056-683x1024.jpg 683w, https:\/\/airam.estaciondiseno.es\/wp-content\/uploads\/2026\/01\/Foto_00056-200x300.jpg 200w, https:\/\/airam.estaciondiseno.es\/wp-content\/uploads\/2026\/01\/Foto_00056-768x1152.jpg 768w, https:\/\/airam.estaciondiseno.es\/wp-content\/uploads\/2026\/01\/Foto_00056-1024x1536.jpg 1024w, https:\/\/airam.estaciondiseno.es\/wp-content\/uploads\/2026\/01\/Foto_00056-1365x2048.jpg 1365w, https:\/\/airam.estaciondiseno.es\/wp-content\/uploads\/2026\/01\/Foto_00056-scaled.jpg 1707w\" sizes=\"(max-width: 683px) 100vw, 683px\" \/>\t\t\t\t\t\t\t\t\t\t\t\t\t\t\t<\/div>\n\t\t\t\t<div class=\"elementor-element elementor-element-3cd207d elementor-widget elementor-widget-image\" data-id=\"3cd207d\" data-element_type=\"widget\" data-widget_type=\"image.default\">\n\t\t\t\t\t\t\t\t\t\t\t\t\t\t\t<img loading=\"lazy\" decoding=\"async\" width=\"683\" height=\"1024\" src=\"https:\/\/airam.estaciondiseno.es\/wp-content\/uploads\/2026\/01\/Foto_00052-683x1024.jpg\" class=\"attachment-large size-large wp-image-553\" alt=\"\" srcset=\"https:\/\/airam.estaciondiseno.es\/wp-content\/uploads\/2026\/01\/Foto_00052-683x1024.jpg 683w, https:\/\/airam.estaciondiseno.es\/wp-content\/uploads\/2026\/01\/Foto_00052-200x300.jpg 200w, https:\/\/airam.estaciondiseno.es\/wp-content\/uploads\/2026\/01\/Foto_00052-768x1152.jpg 768w, https:\/\/airam.estaciondiseno.es\/wp-content\/uploads\/2026\/01\/Foto_00052-1024x1536.jpg 1024w, https:\/\/airam.estaciondiseno.es\/wp-content\/uploads\/2026\/01\/Foto_00052-1365x2048.jpg 1365w, https:\/\/airam.estaciondiseno.es\/wp-content\/uploads\/2026\/01\/Foto_00052-scaled.jpg 1707w\" sizes=\"(max-width: 683px) 100vw, 683px\" \/>\t\t\t\t\t\t\t\t\t\t\t\t\t\t\t<\/div>\n\t\t\t\t\t<\/div>\n\t\t\t\t<\/div>\n\t\t<div class=\"elementor-element elementor-element-30c773e e-grid e-con-boxed e-con e-parent\" data-id=\"30c773e\" data-element_type=\"container\">\n\t\t\t\t\t<div class=\"e-con-inner\">\n\t\t\t\t<div class=\"elementor-element elementor-element-48b7d9f elementor-widget elementor-widget-image\" data-id=\"48b7d9f\" data-element_type=\"widget\" data-widget_type=\"image.default\">\n\t\t\t\t\t\t\t\t\t\t\t\t\t\t\t<img loading=\"lazy\" decoding=\"async\" width=\"683\" height=\"1024\" src=\"https:\/\/airam.estaciondiseno.es\/wp-content\/uploads\/2026\/01\/Foto_00059-683x1024.jpg\" class=\"attachment-large size-large wp-image-556\" alt=\"\" srcset=\"https:\/\/airam.estaciondiseno.es\/wp-content\/uploads\/2026\/01\/Foto_00059-683x1024.jpg 683w, https:\/\/airam.estaciondiseno.es\/wp-content\/uploads\/2026\/01\/Foto_00059-200x300.jpg 200w, https:\/\/airam.estaciondiseno.es\/wp-content\/uploads\/2026\/01\/Foto_00059-768x1152.jpg 768w, https:\/\/airam.estaciondiseno.es\/wp-content\/uploads\/2026\/01\/Foto_00059-1024x1536.jpg 1024w, https:\/\/airam.estaciondiseno.es\/wp-content\/uploads\/2026\/01\/Foto_00059-1365x2048.jpg 1365w, https:\/\/airam.estaciondiseno.es\/wp-content\/uploads\/2026\/01\/Foto_00059-scaled.jpg 1707w\" sizes=\"(max-width: 683px) 100vw, 683px\" \/>\t\t\t\t\t\t\t\t\t\t\t\t\t\t\t<\/div>\n\t\t\t\t<div class=\"elementor-element elementor-element-cc1d61d elementor-widget elementor-widget-image\" data-id=\"cc1d61d\" data-element_type=\"widget\" data-widget_type=\"image.default\">\n\t\t\t\t\t\t\t\t\t\t\t\t\t\t\t<img loading=\"lazy\" decoding=\"async\" width=\"683\" height=\"1024\" src=\"https:\/\/airam.estaciondiseno.es\/wp-content\/uploads\/2026\/01\/Foto_00054-683x1024.jpg\" class=\"attachment-large size-large wp-image-554\" alt=\"\" srcset=\"https:\/\/airam.estaciondiseno.es\/wp-content\/uploads\/2026\/01\/Foto_00054-683x1024.jpg 683w, https:\/\/airam.estaciondiseno.es\/wp-content\/uploads\/2026\/01\/Foto_00054-200x300.jpg 200w, https:\/\/airam.estaciondiseno.es\/wp-content\/uploads\/2026\/01\/Foto_00054-768x1152.jpg 768w, https:\/\/airam.estaciondiseno.es\/wp-content\/uploads\/2026\/01\/Foto_00054-1024x1536.jpg 1024w, https:\/\/airam.estaciondiseno.es\/wp-content\/uploads\/2026\/01\/Foto_00054-1365x2048.jpg 1365w, https:\/\/airam.estaciondiseno.es\/wp-content\/uploads\/2026\/01\/Foto_00054-scaled.jpg 1707w\" sizes=\"(max-width: 683px) 100vw, 683px\" \/>\t\t\t\t\t\t\t\t\t\t\t\t\t\t\t<\/div>\n\t\t\t\t\t<\/div>\n\t\t\t\t<\/div>\n\t\t<div class=\"elementor-element elementor-element-eea70dc e-flex e-con-boxed e-con e-parent\" data-id=\"eea70dc\" data-element_type=\"container\">\n\t\t\t\t\t<div class=\"e-con-inner\">\n\t\t\t\t<div class=\"elementor-element elementor-element-a052fba elementor-widget elementor-widget-image\" data-id=\"a052fba\" data-element_type=\"widget\" data-widget_type=\"image.default\">\n\t\t\t\t\t\t\t\t\t\t\t\t\t\t\t<img loading=\"lazy\" decoding=\"async\" width=\"920\" height=\"614\" src=\"https:\/\/airam.estaciondiseno.es\/wp-content\/uploads\/2026\/01\/Foto_00043-1024x683.jpg\" class=\"attachment-large size-large wp-image-551\" alt=\"\" srcset=\"https:\/\/airam.estaciondiseno.es\/wp-content\/uploads\/2026\/01\/Foto_00043-1024x683.jpg 1024w, https:\/\/airam.estaciondiseno.es\/wp-content\/uploads\/2026\/01\/Foto_00043-300x200.jpg 300w, https:\/\/airam.estaciondiseno.es\/wp-content\/uploads\/2026\/01\/Foto_00043-768x512.jpg 768w, https:\/\/airam.estaciondiseno.es\/wp-content\/uploads\/2026\/01\/Foto_00043-1536x1024.jpg 1536w, https:\/\/airam.estaciondiseno.es\/wp-content\/uploads\/2026\/01\/Foto_00043-2048x1365.jpg 2048w\" sizes=\"(max-width: 920px) 100vw, 920px\" \/>\t\t\t\t\t\t\t\t\t\t\t\t\t\t\t<\/div>\n\t\t\t\t\t<\/div>\n\t\t\t\t<\/div>\n\t\t<div class=\"elementor-element elementor-element-ba4d7e8 e-flex e-con-boxed e-con e-parent\" data-id=\"ba4d7e8\" data-element_type=\"container\">\n\t\t\t\t\t<div class=\"e-con-inner\">\n\t\t\t\t<div class=\"elementor-element elementor-element-cccceef elementor-widget__width-initial elementor-widget elementor-widget-image\" data-id=\"cccceef\" data-element_type=\"widget\" data-widget_type=\"image.default\">\n\t\t\t\t\t\t\t\t\t\t\t\t\t\t\t<img loading=\"lazy\" decoding=\"async\" width=\"683\" height=\"1024\" src=\"https:\/\/airam.estaciondiseno.es\/wp-content\/uploads\/2026\/01\/Foto_00033-683x1024.jpg\" class=\"attachment-large size-large wp-image-549\" alt=\"\" srcset=\"https:\/\/airam.estaciondiseno.es\/wp-content\/uploads\/2026\/01\/Foto_00033-683x1024.jpg 683w, https:\/\/airam.estaciondiseno.es\/wp-content\/uploads\/2026\/01\/Foto_00033-200x300.jpg 200w, https:\/\/airam.estaciondiseno.es\/wp-content\/uploads\/2026\/01\/Foto_00033-768x1152.jpg 768w, https:\/\/airam.estaciondiseno.es\/wp-content\/uploads\/2026\/01\/Foto_00033-1024x1536.jpg 1024w, https:\/\/airam.estaciondiseno.es\/wp-content\/uploads\/2026\/01\/Foto_00033-1365x2048.jpg 1365w, https:\/\/airam.estaciondiseno.es\/wp-content\/uploads\/2026\/01\/Foto_00033-scaled.jpg 1706w\" sizes=\"(max-width: 683px) 100vw, 683px\" \/>\t\t\t\t\t\t\t\t\t\t\t\t\t\t\t<\/div>\n\t\t\t\t\t<\/div>\n\t\t\t\t<\/div>\n\t\t<div class=\"elementor-element elementor-element-2f2f00b e-flex e-con-boxed e-con e-parent\" data-id=\"2f2f00b\" data-element_type=\"container\">\n\t\t\t\t\t<div class=\"e-con-inner\">\n\t\t\t\t<div class=\"elementor-element elementor-element-4db8487 elementor-widget elementor-widget-text-editor\" data-id=\"4db8487\" data-element_type=\"widget\" data-widget_type=\"text-editor.default\">\n\t\t\t\t\t\t\t\t\t<p><span style=\"font-family: gla;\">Estilista del Fashion Film Santaella junto a Adri\u00e1n Carrillo @davlos.studio y \u00c1ngela Chica @angelachicamoda<\/span><\/p><p><span style=\"font-size: 1.125rem; font-family: gla;\">Modelos: Lola Marin @lolaamarin_ y Estela Contreras @esteelaaaa_cr_<\/span><\/p><p><span style=\"font-family: gla;\">Maquillaje: Paola Bol\u00edvar @paoo.bnn<\/span><\/p>\t\t\t\t\t\t\t\t<\/div>\n\t\t\t\t\t<\/div>\n\t\t\t\t<\/div>\n\t\t\t\t<\/div>\n\t\t","protected":false},"excerpt":{"rendered":"<p>Estilista del Fashion Film Santaella junto a Adri\u00e1n Carrillo @davlos.studio y \u00c1ngela Chica @angelachicamoda Modelos: Lola Marin @lolaamarin_ y Estela Contreras @esteelaaaa_cr_ Maquillaje: Paola Bol\u00edvar @paoo.bnn<\/p>\n","protected":false},"author":1,"featured_media":0,"parent":0,"menu_order":0,"comment_status":"closed","ping_status":"closed","template":"","meta":{"footnotes":""},"class_list":["post-511","page","type-page","status-publish","hentry"],"yoast_head":"<!-- This site is optimized with the Yoast SEO Premium plugin v20.12 (Yoast SEO v20.12) - https:\/\/yoast.com\/wordpress\/plugins\/seo\/ -->\n<title>Santaella Fashion Film -<\/title>\n<meta name=\"robots\" content=\"index, follow, max-snippet:-1, max-image-preview:large, max-video-preview:-1\" \/>\n<link rel=\"canonical\" href=\"https:\/\/airam.estaciondiseno.es\/index.php\/santaella-fashion-film\/\" \/>\n<meta property=\"og:locale\" content=\"es_ES\" \/>\n<meta property=\"og:type\" content=\"article\" \/>\n<meta property=\"og:title\" content=\"Santaella Fashion Film\" \/>\n<meta property=\"og:description\" content=\"Estilista del Fashion Film Santaella junto a Adri\u00e1n Carrillo @davlos.studio y \u00c1ngela Chica @angelachicamoda Modelos: Lola Marin @lolaamarin_ y Estela Contreras @esteelaaaa_cr_ Maquillaje: Paola Bol\u00edvar @paoo.bnn\" \/>\n<meta property=\"og:url\" content=\"https:\/\/airam.estaciondiseno.es\/index.php\/santaella-fashion-film\/\" \/>\n<meta property=\"article:modified_time\" content=\"2026-02-04T22:29:08+00:00\" \/>\n<meta property=\"og:image\" content=\"https:\/\/airam.estaciondiseno.es\/wp-content\/uploads\/2026\/02\/santaella-1024x201.jpg\" \/>\n<meta name=\"twitter:card\" content=\"summary_large_image\" \/>\n<script type=\"application\/ld+json\" class=\"yoast-schema-graph\">{\"@context\":\"https:\/\/schema.org\",\"@graph\":[{\"@type\":\"WebPage\",\"@id\":\"https:\/\/airam.estaciondiseno.es\/index.php\/santaella-fashion-film\/\",\"url\":\"https:\/\/airam.estaciondiseno.es\/index.php\/santaella-fashion-film\/\",\"name\":\"Santaella Fashion Film -\",\"isPartOf\":{\"@id\":\"https:\/\/airam.estaciondiseno.es\/#website\"},\"datePublished\":\"2026-02-02T20:22:49+00:00\",\"dateModified\":\"2026-02-04T22:29:08+00:00\",\"breadcrumb\":{\"@id\":\"https:\/\/airam.estaciondiseno.es\/index.php\/santaella-fashion-film\/#breadcrumb\"},\"inLanguage\":\"es\",\"potentialAction\":[{\"@type\":\"ReadAction\",\"target\":[\"https:\/\/airam.estaciondiseno.es\/index.php\/santaella-fashion-film\/\"]}]},{\"@type\":\"BreadcrumbList\",\"@id\":\"https:\/\/airam.estaciondiseno.es\/index.php\/santaella-fashion-film\/#breadcrumb\",\"itemListElement\":[{\"@type\":\"ListItem\",\"position\":1,\"name\":\"Home\",\"item\":\"https:\/\/airam.estaciondiseno.es\/\"},{\"@type\":\"ListItem\",\"position\":2,\"name\":\"Santaella Fashion Film\"}]},{\"@type\":\"WebSite\",\"@id\":\"https:\/\/airam.estaciondiseno.es\/#website\",\"url\":\"https:\/\/airam.estaciondiseno.es\/\",\"name\":\"\",\"description\":\"\",\"potentialAction\":[{\"@type\":\"SearchAction\",\"target\":{\"@type\":\"EntryPoint\",\"urlTemplate\":\"https:\/\/airam.estaciondiseno.es\/?s={search_term_string}\"},\"query-input\":\"required name=search_term_string\"}],\"inLanguage\":\"es\"}]}<\/script>\n<!-- \/ Yoast SEO Premium plugin. -->","yoast_head_json":{"title":"Santaella Fashion Film -","robots":{"index":"index","follow":"follow","max-snippet":"max-snippet:-1","max-image-preview":"max-image-preview:large","max-video-preview":"max-video-preview:-1"},"canonical":"https:\/\/airam.estaciondiseno.es\/index.php\/santaella-fashion-film\/","og_locale":"es_ES","og_type":"article","og_title":"Santaella Fashion Film","og_description":"Estilista del Fashion Film Santaella junto a Adri\u00e1n Carrillo @davlos.studio y \u00c1ngela Chica @angelachicamoda Modelos: Lola Marin @lolaamarin_ y Estela Contreras @esteelaaaa_cr_ Maquillaje: Paola Bol\u00edvar @paoo.bnn","og_url":"https:\/\/airam.estaciondiseno.es\/index.php\/santaella-fashion-film\/","article_modified_time":"2026-02-04T22:29:08+00:00","og_image":[{"url":"https:\/\/airam.estaciondiseno.es\/wp-content\/uploads\/2026\/02\/santaella-1024x201.jpg"}],"twitter_card":"summary_large_image","schema":{"@context":"https:\/\/schema.org","@graph":[{"@type":"WebPage","@id":"https:\/\/airam.estaciondiseno.es\/index.php\/santaella-fashion-film\/","url":"https:\/\/airam.estaciondiseno.es\/index.php\/santaella-fashion-film\/","name":"Santaella Fashion Film -","isPartOf":{"@id":"https:\/\/airam.estaciondiseno.es\/#website"},"datePublished":"2026-02-02T20:22:49+00:00","dateModified":"2026-02-04T22:29:08+00:00","breadcrumb":{"@id":"https:\/\/airam.estaciondiseno.es\/index.php\/santaella-fashion-film\/#breadcrumb"},"inLanguage":"es","potentialAction":[{"@type":"ReadAction","target":["https:\/\/airam.estaciondiseno.es\/index.php\/santaella-fashion-film\/"]}]},{"@type":"BreadcrumbList","@id":"https:\/\/airam.estaciondiseno.es\/index.php\/santaella-fashion-film\/#breadcrumb","itemListElement":[{"@type":"ListItem","position":1,"name":"Home","item":"https:\/\/airam.estaciondiseno.es\/"},{"@type":"ListItem","position":2,"name":"Santaella Fashion Film"}]},{"@type":"WebSite","@id":"https:\/\/airam.estaciondiseno.es\/#website","url":"https:\/\/airam.estaciondiseno.es\/","name":"","description":"","potentialAction":[{"@type":"SearchAction","target":{"@type":"EntryPoint","urlTemplate":"https:\/\/airam.estaciondiseno.es\/?s={search_term_string}"},"query-input":"required name=search_term_string"}],"inLanguage":"es"}]}},"_links":{"self":[{"href":"https:\/\/airam.estaciondiseno.es\/index.php\/wp-json\/wp\/v2\/pages\/511","targetHints":{"allow":["GET"]}}],"collection":[{"href":"https:\/\/airam.estaciondiseno.es\/index.php\/wp-json\/wp\/v2\/pages"}],"about":[{"href":"https:\/\/airam.estaciondiseno.es\/index.php\/wp-json\/wp\/v2\/types\/page"}],"author":[{"embeddable":true,"href":"https:\/\/airam.estaciondiseno.es\/index.php\/wp-json\/wp\/v2\/users\/1"}],"replies":[{"embeddable":true,"href":"https:\/\/airam.estaciondiseno.es\/index.php\/wp-json\/wp\/v2\/comments?post=511"}],"version-history":[{"count":17,"href":"https:\/\/airam.estaciondiseno.es\/index.php\/wp-json\/wp\/v2\/pages\/511\/revisions"}],"predecessor-version":[{"id":715,"href":"https:\/\/airam.estaciondiseno.es\/index.php\/wp-json\/wp\/v2\/pages\/511\/revisions\/715"}],"wp:attachment":[{"href":"https:\/\/airam.estaciondiseno.es\/index.php\/wp-json\/wp\/v2\/media?parent=511"}],"curies":[{"name":"wp","href":"https:\/\/api.w.org\/{rel}","templated":true}]}}